{"id":1624,"date":"2025-12-12T11:07:50","date_gmt":"2025-12-12T10:07:50","guid":{"rendered":"https:\/\/meyacademy.com\/?post_type=product&#038;p=1624"},"modified":"2026-02-25T21:28:28","modified_gmt":"2026-02-25T20:28:28","slug":"edition-2026-formation-demi-popits","status":"publish","type":"product","link":"https:\/\/meyacademy.com\/?product=edition-2026-formation-demi-popits","title":{"rendered":"\u00c9dition 2026 &#8211; Formation Demi-Popits"},"content":{"rendered":"\t\t<div data-elementor-type=\"product-post\" data-elementor-id=\"1624\" class=\"elementor elementor-1624\" data-elementor-post-type=\"product\">\n\t\t\t\t<div class=\"elementor-element elementor-element-562507be e-flex e-con-boxed e-con e-parent\" data-id=\"562507be\" data-element_type=\"container\" data-e-type=\"container\">\n\t\t\t\t\t<div class=\"e-con-inner\">\n\t\t\t\t<div class=\"elementor-element elementor-element-50f73a78 elementor-widget elementor-widget-text-editor\" data-id=\"50f73a78\" data-element_type=\"widget\" data-e-type=\"widget\" data-widget_type=\"text-editor.default\">\n\t\t\t\t\t\t\t\t\t<h1 data-start=\"211\" data-end=\"310\"><strong data-start=\"214\" data-end=\"310\">Formation Demi Popits &#8211; Babyboomer et Color \u2014 Alliez technique pointue &amp; tendances esth\u00e9tiques<\/strong><\/h1><p data-start=\"312\" data-end=\"636\">Vous souhaitez perfectionner vos comp\u00e9tences en proth\u00e9sie ongulaire tout en proposant \u00e0 vos clientes des poses modernes, naturelles et raffin\u00e9es ?<br data-start=\"458\" data-end=\"461\" \/>La formation <strong data-start=\"474\" data-end=\"509\">Demi Popit + Babyboomer \/ Color<\/strong> de M\u00ebya Academy est con\u00e7ue pour les techniciennes qui veulent allier pr\u00e9cision technique et finition esth\u00e9tique haut de gamme.<\/p><h3 data-start=\"638\" data-end=\"761\">\ud83c\udfaf <strong data-start=\"641\" data-end=\"716\">Objectifs : ma\u00eetriser le demi popit et sublimer avec babyboomer &amp; color<\/strong><br data-start=\"716\" data-end=\"719\" \/>Au terme de cette formation, vous saurez :<\/h3><ul><li data-start=\"638\" data-end=\"761\">Ex\u00e9cuter un demi popit avec pr\u00e9cision, en adaptant chaque pose \u00e0 la forme unique de l\u2019ongle naturel<\/li><li data-start=\"638\" data-end=\"761\">R\u00e9aliser un babyboomer net, \u00e9quilibr\u00e9, avec un d\u00e9grad\u00e9 doux et \u00e9l\u00e9gant, parfait pour toutes les clientes recherchant un look sophistiqu\u00e9<\/li><li data-start=\"638\" data-end=\"761\">Proposer des poses color\u00e9es fines, brillantes et durables, id\u00e9ales pour diversifier votre offre<\/li><li data-start=\"638\" data-end=\"761\">Optimiser votre rapidit\u00e9 d\u2019ex\u00e9cution sans compromettre la qualit\u00e9, pour gagner en productivit\u00e9<\/li><\/ul><h3>\ud83d\udc69\u200d\ud83c\udf93 <strong data-start=\"1117\" data-end=\"1131\">Pour qui la formation demi-popit &#8211; baby boomer \/ color?<\/strong><\/h3><ul><li data-start=\"1111\" data-end=\"1405\">Cette formation s\u2019adresse aux techniciennes ayant d\u00e9j\u00e0 une base en popit ou gel, d\u00e9sireuses de diversifier leur offre avec des techniques tendances et efficaces. Parfaite pour celles qui souhaitent allier rapidit\u00e9 et esth\u00e9tisme, tout en s\u00e9duisant une client\u00e8le exigeante.<\/li><\/ul><h3>\ud83d\udccd <strong data-start=\"1410\" data-end=\"1428\">Format &amp; lieux de la <\/strong><strong data-start=\"1117\" data-end=\"1131\">formation demi-popit &#8211; baby boomer \/ color?<\/strong><\/h3><ul><li data-start=\"1431\" data-end=\"1516\"><p data-start=\"1433\" data-end=\"1516\">Formation en pr\u00e9sentiel, en petits groupes ou coaching individuel avec Ma\u00ebva<\/p><\/li><li data-start=\"1517\" data-end=\"1580\"><p data-start=\"1519\" data-end=\"1580\">Disponible partout en France, en Europe et \u00e0 l\u2019international, gr\u00e2ce aux d\u00e9placements r\u00e9guliers de M\u00ebya Academy<\/p><\/li><\/ul><p>\ud83d\udd14 <strong data-start=\"1585\" data-end=\"1604\">Reste connect\u00e9e<\/strong><br data-start=\"1604\" data-end=\"1607\" \/>Les sessions sont mises \u00e0 jour r\u00e9guli\u00e8rement. Pour ne rien manquer, suis-nous sur Instagram ou contacte-nous directement pour conna\u00eetre les prochaines dates.<\/p><p>\ud83d\udcac <strong data-start=\"1737\" data-end=\"1788\">Pr\u00eate \u00e0 booster ton expertise et ton business ?<br \/><\/strong>Rejoins une communaut\u00e9 de techniciennes ambitieuses et offre \u00e0 tes clientes des poses techniques, modernes et ultra-esth\u00e9tiques, qui feront la diff\u00e9rence.<\/p>\t\t\t\t\t\t\t\t<\/div>\n\t\t\t\t\t<\/div>\n\t\t\t\t<\/div>\n\t\t\t\t<\/div>\n\t\t","protected":false},"excerpt":{"rendered":"<p data-start=\"219\" data-end=\"476\"><strong data-start=\"219\" data-end=\"278\">\u2192 Pr\u00e9-requis : \u00eatre d\u00e9j\u00e0 form\u00e9.e \u00e0 la technique Popits<\/strong><\/p>\n<p data-start=\"219\" data-end=\"476\">Cette formation se d\u00e9roule sur <strong data-start=\"312\" data-end=\"325\">1 journ\u00e9e<\/strong> et a pour but de vous perfectionner \u00e0 la technique du <strong data-start=\"380\" data-end=\"394\">demi-popit<\/strong>, afin d\u2019\u00e9largir vos comp\u00e9tences et d\u2019adapter vos poses \u00e0 chaque type de plaque.<\/p>\n<p data-start=\"478\" data-end=\"517\">Au programme de cette formation demi-popit :<\/p>\n<ul data-start=\"518\" data-end=\"1089\">\n<li data-start=\"518\" data-end=\"630\">\n<p data-start=\"520\" data-end=\"630\">Identifier sur quels types de plaques la technique du demi-popit est plus adapt\u00e9e que celle du popit entier.<\/p>\n<\/li>\n<li data-start=\"631\" data-end=\"695\">\n<p data-start=\"633\" data-end=\"695\">Mettre en pratique sur mod\u00e8le afin de consolider vos acquis.<\/p>\n<\/li>\n<li data-start=\"696\" data-end=\"807\">\n<p data-start=\"698\" data-end=\"807\">Ma\u00eetriser la <strong data-start=\"711\" data-end=\"740\">dry manucure sans ciseaux<\/strong>, pour une pr\u00e9paration rapide et respectueuse de l\u2019ongle naturel.<\/p>\n<\/li>\n<li data-start=\"808\" data-end=\"898\">\n<p data-start=\"810\" data-end=\"898\">R\u00e9aliser un <strong data-start=\"822\" data-end=\"837\">baby boomer<\/strong> et des poses color, avec des finitions nettes et durables.<\/p>\n<\/li>\n<li data-start=\"899\" data-end=\"980\">\n<p data-start=\"901\" data-end=\"980\">Apprendre la <strong data-start=\"914\" data-end=\"930\">forme amande<\/strong> avec un protocole de limage rapide et efficace.<\/p>\n<\/li>\n<li data-start=\"981\" data-end=\"1089\">\n<p data-start=\"983\" data-end=\"1089\">Recevoir des astuces pr\u00e9cises pour corriger vos erreurs et lever vos derni\u00e8res lacunes sur la technique.<\/p>\n<\/li>\n<\/ul>\n<p data-start=\"1108\" data-end=\"1446\">Objectif : vous permettre de <strong data-start=\"1126\" data-end=\"1179\">ma\u00eetriser parfaitement la technique du demi-popit<\/strong>, d\u2019\u00e9largir vos possibilit\u00e9s en fonction des clientes et d\u2019ex\u00e9cuter des formes comme l\u2019amande sans difficult\u00e9. \u00c0 l\u2019issue de cette journ\u00e9e, vous serez en mesure d\u2019offrir \u00e0 vos clientes des poses solides, rapides et esth\u00e9tiques, adapt\u00e9es \u00e0 chaque morphologie d\u2019ongle.<\/p>\n<p data-start=\"1108\" data-end=\"1446\">Programme d\u00e9taill\u00e9 t\u00e9l\u00e9chargeable juste ici \u2192 <a href=\"https:\/\/meyacademy.com\/wp-content\/uploads\/2025\/12\/PROGRAMME-DEMI-POPIT-1.pdf\">PROGRAMME &#8211; DEMI-POPIT<\/a><\/p>\n","protected":false},"featured_media":425,"comment_status":"open","ping_status":"closed","template":"","meta":{"_acf_changed":false,"_crdt_document":"","jetpack_post_was_ever_published":false,"jetpack_publicize_message":"","jetpack_publicize_feature_enabled":true,"jetpack_social_post_already_shared":true,"jetpack_social_options":{"image_generator_settings":{"template":"highway","default_image_id":0,"font":"","enabled":false},"version":2},"_wpas_customize_per_network":false},"product_brand":[],"product_cat":[1384,1395],"product_tag":[1385,1386,1387,1396,1397],"class_list":{"0":"post-1624","1":"product","2":"type-product","3":"status-publish","4":"has-post-thumbnail","6":"product_cat-clean-nails","7":"product_cat-popits","8":"product_tag-clean","9":"product_tag-clean-nails","10":"product_tag-formation-clean-nails","11":"product_tag-formation-popits","12":"product_tag-formation-prothesiste-ongulaire","14":"first","15":"instock","16":"sold-individually","17":"shipping-taxable","18":"purchasable","19":"product-type-variable"},"bundled_by":[],"bundle_stock_status":"instock","bundle_stock_quantity":10,"bundle_virtual":false,"bundle_layout":"","bundle_add_to_cart_form_location":"","bundle_editable_in_cart":false,"bundle_sold_individually_context":"","bundle_item_grouping":"","bundle_min_size":"","bundle_max_size":"","bundle_price":[],"bundled_items":[],"bundle_sell_ids":[],"group_of_quantity":0,"min_quantity":0,"max_quantity":"","exclude_order_quantity_value_rules":"no","exclude_category_quantity_rules":"no","combine_variations":"no","exclude_global_add_ons":[],"addons":[],"acf":[],"yoast_head":"<!-- This site is optimized with the Yoast SEO plugin v27.3 - https:\/\/yoast.com\/product\/yoast-seo-wordpress\/ -->\n<title>\u00c9dition 2026 - Formation Demi-Popits - M\u00cbYA ACADEMY<\/title>\n<meta name=\"description\" content=\"Ma\u00eetrise la technique MEYA ACADEMY avec la formation demi-popits baby boomer nets et poses color trendy. Formation proth\u00e9sie ongulaire en pr\u00e9sentiel.\" \/>\n<meta name=\"robots\" content=\"index, follow, max-snippet:-1, max-image-preview:large, max-video-preview:-1\" \/>\n<link rel=\"canonical\" href=\"https:\/\/meyacademy.com\/?product=edition-2026-formation-demi-popits\" \/>\n<meta property=\"og:locale\" content=\"fr_FR\" \/>\n<meta property=\"og:type\" content=\"article\" \/>\n<meta property=\"og:title\" content=\"\u00c9dition 2026 - Formation Demi-Popits - M\u00cbYA ACADEMY\" \/>\n<meta property=\"og:description\" content=\"Ma\u00eetrise la technique MEYA ACADEMY avec la formation demi-popits baby boomer nets et poses color trendy. Formation proth\u00e9sie ongulaire en pr\u00e9sentiel.\" \/>\n<meta property=\"og:url\" content=\"https:\/\/meyacademy.com\/?product=edition-2026-formation-demi-popits\" \/>\n<meta property=\"og:site_name\" content=\"M\u00cbYA ACADEMY\" \/>\n<meta property=\"article:modified_time\" content=\"2026-02-25T20:28:28+00:00\" \/>\n<meta property=\"og:image\" content=\"https:\/\/meyacademy.com\/wp-content\/uploads\/2025\/07\/Plan-de-travail-4.webp\" \/>\n\t<meta property=\"og:image:width\" content=\"1000\" \/>\n\t<meta property=\"og:image:height\" content=\"1000\" \/>\n\t<meta property=\"og:image:type\" content=\"image\/webp\" \/>\n<meta name=\"twitter:card\" content=\"summary_large_image\" \/>\n<meta name=\"twitter:label1\" content=\"Dur\u00e9e de lecture estim\u00e9e\" \/>\n\t<meta name=\"twitter:data1\" content=\"2 minutes\" \/>\n<script type=\"application\/ld+json\" class=\"yoast-schema-graph\">{\"@context\":\"https:\\\/\\\/schema.org\",\"@graph\":[{\"@type\":\"WebPage\",\"@id\":\"https:\\\/\\\/meyacademy.com\\\/?product=edition-2026-formation-demi-popits\",\"url\":\"https:\\\/\\\/meyacademy.com\\\/?product=edition-2026-formation-demi-popits\",\"name\":\"\u00c9dition 2026 - Formation Demi-Popits - M\u00cbYA ACADEMY\",\"isPartOf\":{\"@id\":\"https:\\\/\\\/meyacademy.com\\\/#website\"},\"primaryImageOfPage\":{\"@id\":\"https:\\\/\\\/meyacademy.com\\\/?product=edition-2026-formation-demi-popits#primaryimage\"},\"image\":{\"@id\":\"https:\\\/\\\/meyacademy.com\\\/?product=edition-2026-formation-demi-popits#primaryimage\"},\"thumbnailUrl\":\"https:\\\/\\\/meyacademy.com\\\/wp-content\\\/uploads\\\/2025\\\/07\\\/Plan-de-travail-4.webp\",\"datePublished\":\"2025-12-12T10:07:50+00:00\",\"dateModified\":\"2026-02-25T20:28:28+00:00\",\"description\":\"Ma\u00eetrise la technique MEYA ACADEMY avec la formation demi-popits baby boomer nets et poses color trendy. Formation proth\u00e9sie ongulaire en pr\u00e9sentiel.\",\"breadcrumb\":{\"@id\":\"https:\\\/\\\/meyacademy.com\\\/?product=edition-2026-formation-demi-popits#breadcrumb\"},\"inLanguage\":\"fr-FR\",\"potentialAction\":[{\"@type\":\"ReadAction\",\"target\":[\"https:\\\/\\\/meyacademy.com\\\/?product=edition-2026-formation-demi-popits\"]}]},{\"@type\":\"ImageObject\",\"inLanguage\":\"fr-FR\",\"@id\":\"https:\\\/\\\/meyacademy.com\\\/?product=edition-2026-formation-demi-popits#primaryimage\",\"url\":\"https:\\\/\\\/meyacademy.com\\\/wp-content\\\/uploads\\\/2025\\\/07\\\/Plan-de-travail-4.webp\",\"contentUrl\":\"https:\\\/\\\/meyacademy.com\\\/wp-content\\\/uploads\\\/2025\\\/07\\\/Plan-de-travail-4.webp\",\"width\":1000,\"height\":1000},{\"@type\":\"BreadcrumbList\",\"@id\":\"https:\\\/\\\/meyacademy.com\\\/?product=edition-2026-formation-demi-popits#breadcrumb\",\"itemListElement\":[{\"@type\":\"ListItem\",\"position\":1,\"name\":\"Accueil\",\"item\":\"https:\\\/\\\/meyacademy.com\\\/\"},{\"@type\":\"ListItem\",\"position\":2,\"name\":\"Boutique\",\"item\":\"https:\\\/\\\/meyacademy.com\\\/?page_id=38\"},{\"@type\":\"ListItem\",\"position\":3,\"name\":\"\u00c9dition 2026 &#8211; Formation Demi-Popits\"}]},{\"@type\":\"WebSite\",\"@id\":\"https:\\\/\\\/meyacademy.com\\\/#website\",\"url\":\"https:\\\/\\\/meyacademy.com\\\/\",\"name\":\"M\u00cbYA ACADEMY\",\"description\":\"centre de formation onglerie\",\"publisher\":{\"@id\":\"https:\\\/\\\/meyacademy.com\\\/#organization\"},\"potentialAction\":[{\"@type\":\"SearchAction\",\"target\":{\"@type\":\"EntryPoint\",\"urlTemplate\":\"https:\\\/\\\/meyacademy.com\\\/?s={search_term_string}\"},\"query-input\":{\"@type\":\"PropertyValueSpecification\",\"valueRequired\":true,\"valueName\":\"search_term_string\"}}],\"inLanguage\":\"fr-FR\"},{\"@type\":\"Organization\",\"@id\":\"https:\\\/\\\/meyacademy.com\\\/#organization\",\"name\":\"M\u00cbYA ACADEMY\",\"url\":\"https:\\\/\\\/meyacademy.com\\\/\",\"logo\":{\"@type\":\"ImageObject\",\"inLanguage\":\"fr-FR\",\"@id\":\"https:\\\/\\\/meyacademy.com\\\/#\\\/schema\\\/logo\\\/image\\\/\",\"url\":\"https:\\\/\\\/meyacademy.com\\\/wp-content\\\/uploads\\\/2025\\\/07\\\/LOGO-MEYA-2.png\",\"contentUrl\":\"https:\\\/\\\/meyacademy.com\\\/wp-content\\\/uploads\\\/2025\\\/07\\\/LOGO-MEYA-2.png\",\"width\":500,\"height\":500,\"caption\":\"M\u00cbYA ACADEMY\"},\"image\":{\"@id\":\"https:\\\/\\\/meyacademy.com\\\/#\\\/schema\\\/logo\\\/image\\\/\"}}]}<\/script>\n<!-- \/ Yoast SEO plugin. -->","yoast_head_json":{"title":"\u00c9dition 2026 - Formation Demi-Popits - M\u00cbYA ACADEMY","description":"Ma\u00eetrise la technique MEYA ACADEMY avec la formation demi-popits baby boomer nets et poses color trendy. Formation proth\u00e9sie ongulaire en pr\u00e9sentiel.","robots":{"index":"index","follow":"follow","max-snippet":"max-snippet:-1","max-image-preview":"max-image-preview:large","max-video-preview":"max-video-preview:-1"},"canonical":"https:\/\/meyacademy.com\/?product=edition-2026-formation-demi-popits","og_locale":"fr_FR","og_type":"article","og_title":"\u00c9dition 2026 - Formation Demi-Popits - M\u00cbYA ACADEMY","og_description":"Ma\u00eetrise la technique MEYA ACADEMY avec la formation demi-popits baby boomer nets et poses color trendy. Formation proth\u00e9sie ongulaire en pr\u00e9sentiel.","og_url":"https:\/\/meyacademy.com\/?product=edition-2026-formation-demi-popits","og_site_name":"M\u00cbYA ACADEMY","article_modified_time":"2026-02-25T20:28:28+00:00","og_image":[{"width":1000,"height":1000,"url":"https:\/\/meyacademy.com\/wp-content\/uploads\/2025\/07\/Plan-de-travail-4.webp","type":"image\/webp"}],"twitter_card":"summary_large_image","twitter_misc":{"Dur\u00e9e de lecture estim\u00e9e":"2 minutes"},"schema":{"@context":"https:\/\/schema.org","@graph":[{"@type":"WebPage","@id":"https:\/\/meyacademy.com\/?product=edition-2026-formation-demi-popits","url":"https:\/\/meyacademy.com\/?product=edition-2026-formation-demi-popits","name":"\u00c9dition 2026 - Formation Demi-Popits - M\u00cbYA ACADEMY","isPartOf":{"@id":"https:\/\/meyacademy.com\/#website"},"primaryImageOfPage":{"@id":"https:\/\/meyacademy.com\/?product=edition-2026-formation-demi-popits#primaryimage"},"image":{"@id":"https:\/\/meyacademy.com\/?product=edition-2026-formation-demi-popits#primaryimage"},"thumbnailUrl":"https:\/\/meyacademy.com\/wp-content\/uploads\/2025\/07\/Plan-de-travail-4.webp","datePublished":"2025-12-12T10:07:50+00:00","dateModified":"2026-02-25T20:28:28+00:00","description":"Ma\u00eetrise la technique MEYA ACADEMY avec la formation demi-popits baby boomer nets et poses color trendy. Formation proth\u00e9sie ongulaire en pr\u00e9sentiel.","breadcrumb":{"@id":"https:\/\/meyacademy.com\/?product=edition-2026-formation-demi-popits#breadcrumb"},"inLanguage":"fr-FR","potentialAction":[{"@type":"ReadAction","target":["https:\/\/meyacademy.com\/?product=edition-2026-formation-demi-popits"]}]},{"@type":"ImageObject","inLanguage":"fr-FR","@id":"https:\/\/meyacademy.com\/?product=edition-2026-formation-demi-popits#primaryimage","url":"https:\/\/meyacademy.com\/wp-content\/uploads\/2025\/07\/Plan-de-travail-4.webp","contentUrl":"https:\/\/meyacademy.com\/wp-content\/uploads\/2025\/07\/Plan-de-travail-4.webp","width":1000,"height":1000},{"@type":"BreadcrumbList","@id":"https:\/\/meyacademy.com\/?product=edition-2026-formation-demi-popits#breadcrumb","itemListElement":[{"@type":"ListItem","position":1,"name":"Accueil","item":"https:\/\/meyacademy.com\/"},{"@type":"ListItem","position":2,"name":"Boutique","item":"https:\/\/meyacademy.com\/?page_id=38"},{"@type":"ListItem","position":3,"name":"\u00c9dition 2026 &#8211; Formation Demi-Popits"}]},{"@type":"WebSite","@id":"https:\/\/meyacademy.com\/#website","url":"https:\/\/meyacademy.com\/","name":"M\u00cbYA ACADEMY","description":"centre de formation onglerie","publisher":{"@id":"https:\/\/meyacademy.com\/#organization"},"potentialAction":[{"@type":"SearchAction","target":{"@type":"EntryPoint","urlTemplate":"https:\/\/meyacademy.com\/?s={search_term_string}"},"query-input":{"@type":"PropertyValueSpecification","valueRequired":true,"valueName":"search_term_string"}}],"inLanguage":"fr-FR"},{"@type":"Organization","@id":"https:\/\/meyacademy.com\/#organization","name":"M\u00cbYA ACADEMY","url":"https:\/\/meyacademy.com\/","logo":{"@type":"ImageObject","inLanguage":"fr-FR","@id":"https:\/\/meyacademy.com\/#\/schema\/logo\/image\/","url":"https:\/\/meyacademy.com\/wp-content\/uploads\/2025\/07\/LOGO-MEYA-2.png","contentUrl":"https:\/\/meyacademy.com\/wp-content\/uploads\/2025\/07\/LOGO-MEYA-2.png","width":500,"height":500,"caption":"M\u00cbYA ACADEMY"},"image":{"@id":"https:\/\/meyacademy.com\/#\/schema\/logo\/image\/"}}]}},"jetpack_publicize_connections":[],"jetpack_sharing_enabled":true,"jetpack_likes_enabled":false,"_links":{"self":[{"href":"https:\/\/meyacademy.com\/index.php?rest_route=\/wp\/v2\/product\/1624","targetHints":{"allow":["GET"]}}],"collection":[{"href":"https:\/\/meyacademy.com\/index.php?rest_route=\/wp\/v2\/product"}],"about":[{"href":"https:\/\/meyacademy.com\/index.php?rest_route=\/wp\/v2\/types\/product"}],"replies":[{"embeddable":true,"href":"https:\/\/meyacademy.com\/index.php?rest_route=%2Fwp%2Fv2%2Fcomments&post=1624"}],"version-history":[{"count":7,"href":"https:\/\/meyacademy.com\/index.php?rest_route=\/wp\/v2\/product\/1624\/revisions"}],"predecessor-version":[{"id":1814,"href":"https:\/\/meyacademy.com\/index.php?rest_route=\/wp\/v2\/product\/1624\/revisions\/1814"}],"wp:featuredmedia":[{"embeddable":true,"href":"https:\/\/meyacademy.com\/index.php?rest_route=\/wp\/v2\/media\/425"}],"wp:attachment":[{"href":"https:\/\/meyacademy.com\/index.php?rest_route=%2Fwp%2Fv2%2Fmedia&parent=1624"}],"wp:term":[{"taxonomy":"product_brand","embeddable":true,"href":"https:\/\/meyacademy.com\/index.php?rest_route=%2Fwp%2Fv2%2Fproduct_brand&post=1624"},{"taxonomy":"product_cat","embeddable":true,"href":"https:\/\/meyacademy.com\/index.php?rest_route=%2Fwp%2Fv2%2Fproduct_cat&post=1624"},{"taxonomy":"product_tag","embeddable":true,"href":"https:\/\/meyacademy.com\/index.php?rest_route=%2Fwp%2Fv2%2Fproduct_tag&post=1624"}],"curies":[{"name":"wp","href":"https:\/\/api.w.org\/{rel}","templated":true}]}}